{"id":518,"date":"2021-03-06T12:59:29","date_gmt":"2021-03-06T12:59:29","guid":{"rendered":"https:\/\/www.trezireaspirituala.ro\/blog\/?page_id=518"},"modified":"2021-03-06T13:02:05","modified_gmt":"2021-03-06T13:02:05","slug":"politica-de-confidentialitate","status":"publish","type":"page","link":"https:\/\/www.trezireaspirituala.ro\/blog\/politica-de-confidentialitate\/","title":{"rendered":"Politica de Confidentialitate"},"content":{"rendered":"\n<p>Conform noii politici GDPR, www.trezireaspirituala.ro\/blog are obliga\u0163ia de a administra, \u00een condi\u0163ii de siguran\u0163\u0103 \u015fi numai pentru scopurile specificate, datele personale pe care ni le furniza\u0163i. Scopul colect\u0103rii datelor este men\u021bionat mai jos<em>.\u00a0<\/em>Dorim s\u0103 subliniem faptul c\u0103 informa\u0163iile dumneavoastr\u0103 personale sunt confiden\u0163iale atunci c\u00e2nd vizita\u0163i acest website, cu excep\u0163ia cazului \u00een care dori\u0163i \u00een mod voluntar s\u0103 le dezv\u0103lui\u0163i. Colect\u0103m numai acele informa\u021bii personale pe care le furniza\u021bi \u00een mod voluntar \u0219i numai \u00een scopurile specificate \u00een aceste politici de confiden\u021bialitate. Nu v\u0103 solicit\u0103m s\u0103 ne trimite\u021bi aceste informa\u021bii pentru a v\u0103 permite accesul la site-ul nostru \u0219i nu v\u0103 cerem s\u0103 dezv\u0103lui\u021bi mai multe informa\u021bii dec\u00e2t este necesar pentru a participa la orice activitate de pe site-ul nostru.<\/p>\n\n\n\n<p>Atunci c\u00e2nd colect\u0103m date personale, suntem obliga\u021bi s\u0103 respect\u0103m prevederile regulamentelor relevante privind protec\u021bia datelor cu caracter personal. V\u0103 rug\u0103m s\u0103 citi\u021bi toate informa\u0163iile oferite mai jos, iar dac\u0103 ave\u0163i \u00eentreb\u0103ri sau neclarit\u0103\u0163i cu privire la Politica noastr\u0103 de protec\u0163ie a datelor personale sau dori\u0163i s\u0103 ne \u00eemp\u0103rt\u0103\u015fi\u0163i experien\u0163ele dumneavoastr\u0103 pe aceast\u0103 adres\u0103 de internet, v\u0103 rug\u0103m s\u0103 ne anun\u0163a\u0163i la adresa de e-mail contact@trezireaspirituala.ro<\/p>\n\n\n\n<p>Daca sunte\u0163i minor, v\u0103 rug\u0103m s\u0103 nu ne transmite\u021bi datele personale!<\/p>\n\n\n\n<h4><strong>1. Aspecte Generale<\/strong><\/h4>\n\n\n\n<p>Atunci c\u00e2nd utiliza\u021bi pagina web https:\/\/www.trezireaspirituala.ro\/blog (\u201ePagina Web\u201d) se prelucreaz\u0103 \u00een calitate de operator de date o serie de date personale despre dvs., conform legisla\u021biei relevante privind protec\u021bia datelor personale. Aceast\u0103 politic\u0103 de confiden\u021bialitate (\u201ePolitica\u201d) descrie ce tipuri de date sunt prelucrate, cum sunt acestea utilizate \u0219i care sunt drepturile dvs. \u00een leg\u0103tur\u0103 cu aceste prelucr\u0103ri. V\u0103 recomand\u0103m s\u0103 citi\u021bi aceast\u0103 Politic\u0103 \u00eenainte de a utiliza Pagina Web. Dac\u0103 nu sunte\u021bi de acord cu prevederile acesteia, v\u0103 rug\u0103m s\u0103 \u00eenceta\u021bi utilizarea Paginii Web.<\/p>\n\n\n\n<h4><strong>2. Datele cu caracter personal prelucrate<\/strong><\/h4>\n\n\n\n<p>\u201eDate cu caracter personal\u201d reprezint\u0103 orice informa\u0163ii referitoare la o persoan\u0103 fizic\u0103 identificat\u0103 sau identificabil\u0103 (\u201cPersoana vizat\u0103). Noi colect\u0103m informa\u021bii personale \u00een conformitate cu reglement\u0103rile aplicabile, de exemplu, pentru a v\u0103 trimite nout\u0103\u021bi \u0219i \u0219tiri prin e-mail, pentru a v\u0103 include \u0219i a participa \u00een concursuri cu premii, pentru a notifica c\u00e2\u0219tig\u0103torii, a trimite publica\u021bii, bro\u0219uri \u0219i alte materiale promo\u021bionale sau a r\u0103spunde \u00eentreb\u0103rilor dvs., reclama\u021biilor \u0219i comentariilor. Noi prelucr\u0103m informa\u021biile dvs. personale numai pe baza consim\u021b\u0103m\u00e2ntului dvs., a legilor sau a intereselor legitime ale datei operatorului.<\/p>\n\n\n\n<p><strong>www.trezireaspirituala.ro\/blog prelucreaz\u0103 urm\u0103toarele categorii de date personale:<\/strong><\/p>\n\n\n\n<p>1. Date de contact \u0219i identificare necesare pentru scrierea unui comentariu la orice articol din website-ul www.trezireaspirituala.ro\/blog \u0219i\/sau pentru trimiterea unul e-mail folosind formularul de contact al site-ului. Datele de contact \u0219i identificare sunt: numele, prenumele, adresa de email \u0219i site-ul web. Orice date sunt furnizate prin intermediul formularului de comentarii \u0219i al formularul de contact al site-ului (reale, pseudonime sau false) sunt stocate \u00een baza de date a blogului \u0219i nu sunt folosite dec\u00e2t dac\u0103 utilizatorul a solicitat s\u0103 fie notificat automat de c\u0103tre platform\u0103 \u00een cazul \u00een care apar articole\/comentarii noi sau \u00een cazul \u00een care i se va r\u0103spunde la o \u00eentrebare\/reclama\u0163ie\/sugestie\/ trimis\u0103 prin formularul de contact al site-ului.\u00a0Acordul acestuia este \u00eenregistrat de c\u0103tre platform\u0103 \u00een momentul \u00een care sunt bifate casetele corespunz\u0103toare aflate l\u00e2ng\u0103 c\u00e2mpul de ad\u0103ugare a comentariului.<\/p>\n\n\n\n<p>2. Datele privind interac\u021biunea utilizatorului cu Pagina Web \u2013 Operatorul colecteaz\u0103 date privind modul \u00een care interac\u021biona\u021bi cu Pagina Web prin utilizarea cookie-urilor. Pentru detalii cu privire la aceste tehnologii \u0219i modul de utilizare, v\u0103 rug\u0103m s\u0103 consulta\u021bi Sec\u021biunea 8 (Politica privind Cookie-urile).<\/p>\n\n\n\n<p>3. Datele privind \u00eenscrierea la newsletter cu scopul de a v\u0103 \u021bine la curent cu noile articole publicate pe blog. \u00cen cazul \u00een care nu mai dori\u021bi acest lucru, ave\u021bi posibilitatea de dezabonare.&nbsp;&nbsp;Dezabonarea se poate face oric\u00e2nd folosind linkurile de la sf\u00e2r\u0219itul mailurilor primite sau solicit\u00e2nd dezabonarea la articole printr-un email de pe adresa \u00een cauz\u0103.<\/p>\n\n\n\n<p>4.&nbsp;Datele primite din Google Analytics, serviciu oferit de Google Inc. care genereaz\u0103 statistici detaliate despre traficul pe un site web \u015fi sursele traficului, \u015fi care m\u0103soar\u0103 conversiile \u015fi v\u00e2nz\u0103rile. Google Analytics folose\u015fte \u201ccookie-urile\u201d stocate \u00een computerul dumneavoastr\u0103 pentru a ajuta la analiza modului cum utilizatorii folosesc blogul.&nbsp;Informa\u0163iile generate de cookie-uri despre modul cum utiliza\u0163i dumneavoastr\u0103 blogul, incluz\u00e2nd adresa dumneavoastr\u0103 IP, vor fi anonimizate prin folosirea set\u0103rilor adecvate ( func\u0163ia\u201c_anonymizelp()\u201d sau echivalent\u0103) \u015fi transmise serverelor Google din Statele Unite. Pentru mai multe informa\u0163ii despre modul cum func\u0163ioneaz\u0103 anonimizarea IP, vizita\u0163i&nbsp;<a href=\"https:\/\/support.google.com\/analytics\/answer\/2763052\" target=\"_blank\" rel=\"noreferrer noopener\">https:\/\/support.google.com\/analytics\/answer\/2763052<\/a><\/p>\n\n\n\n<p>Google poate transfera aceast\u0103 informa\u0163ie unor ter\u0163i \u00een cazul unei obliga\u0163ii statutare sau dac\u0103 acel ter\u0163 proceseaz\u0103 date \u00een numele Google. Google nu va combina sau asocia adresa voastr\u0103 de IP cu alte date stocate la Google \u00een niciun fel de circumstan\u0163\u0103. Pute\u0163i preveni sau opri instalarea \u015fi stocarea de cookie-uri prin set\u0103rile browserului, desc\u0103rc\u00e2nd \u015fi instal\u00e2nd \u00een mod gratuit Opt-out Browser Add-on disponibil la\u00a0<a rel=\"noreferrer noopener\" href=\"https:\/\/tools.google.com\/dlpage\/gaoptout?hl=en\" target=\"_blank\">https:\/\/tools.google.com\/dlpage\/gaoptout?hl=en<\/a>\u00a0. \u00cen acest caz nu ve\u0163i putea folosi toate func\u0163iile siteului. Prin folosirea acestui site \/ blog sunte\u0163i de acord cu procesarea oric\u0103ror date personale colectate de Google \u00een privin\u0163a voastr\u0103 \u015fi pentru scopurile descrise mai sus.<\/p>\n\n\n\n<p>Nu prelu\u0103m, nu \u00eenregistr\u0103m \u015fi nu utiliz\u0103m datele cu caracter personal ale minorilor, \u00een limite rezonabile cunoa\u0219terii noastre, dec\u00e2t cu acordul p\u0103rin\u021bilor sau, dup\u0103 caz, al reprezentan\u021bilor legali ai acestora. Dac\u0103 sunte\u021bi minori, v\u0103 rug\u0103m s\u0103 nu ne trimite\u021bi datele dumneavoastr\u0103 personale, adic\u0103 numele, prenumele, domiciliul, num\u0103rul de telefon sau adresa de e-mail, precum \u015fi orice alte date care ar putea ajuta la identificarea dumneavoastr\u0103. Dac\u0103 totu\u0219i alege\u021bi s\u0103 ne trimite\u021bi coresponden\u021b\u0103 \u00een care ne dezv\u0103lui\u021bi date personale de\u0219i sunte\u021bi minori \u015fi nu ave\u021bi acordul p\u0103rin\u021bilor sau, dup\u0103 caz, al reprezentan\u021bilor legali, v\u0103 inform\u0103m c\u0103 se va refuza \u00een mod expres s\u0103 se prelucreze aceast\u0103 coresponden\u021b\u0103.<\/p>\n\n\n\n<p>\u00cen cazul \u00een care, \u00een ciuda acestui fapt, se stabile\u0219te un contact la cererea minorului, \u00een cazul transferului de date cu caracter personal de c\u0103tre minor, www.trezireaspirituala.ro\/blog refuz\u0103 \u00een mod expres s\u0103 accepte orice cerin\u021be materiale sau morale care rezult\u0103 din procesarea contactului.<\/p>\n\n\n\n<h4><strong>3. Scopurile \u00een care sunt prelucrate datele cu caracter personal<\/strong><\/h4>\n\n\n\n<p>Scopurile prelucr\u0103rii datelor personale sunt:<\/p>\n\n\n\n<p>3.1. Transmiterea de nout\u0103\u021bi (articole) prin intermediul po\u015ftei electronice (\u00een limitele consim\u021b\u0103m\u00e2ntului dvs.);<\/p>\n\n\n\n<p>3.2. Participarea la sondaje, chestionare \u0219i\/sau concursuri cu premii, organizate de www.trezireaspirituala.ro\/blog. Pentru detalii cu privire la acest tip de prelucrare, v\u0103 rug\u0103m s\u0103 consulta\u021bi Sec\u021biunea 7 (Sondaje, chestionare \u0219i promo\u021bii de marketing);<\/p>\n\n\n\n<p>3.3. Oferirea de r\u0103spunsuri la \u00eentreb\u0103rile pe care le trimite\u021bi dvs. sau la sfaturile, reclama\u021biile, comentariile dvs. \u0219i altele similare.<\/p>\n\n\n\n<p>Nu vindem, transfer\u0103m sau divulg\u0103m informa\u021biile pe care le colect\u0103m pe site-ul nostru c\u0103tre orice persoan\u0103 din afara www.trezireaspirituala.ro\/blog f\u0103r\u0103 consim\u021b\u0103m\u00e2ntul dvs., cu excep\u021bia (1) cazurilor prev\u0103zute de lege \u0219i atunci c\u00e2nd este necesar pentru respectarea obliga\u021biilor legale; (2) atunci c\u00e2nd este necesar pentru protec\u021bia vie\u021bii sau a integrit\u0103\u021bii corporale \u0219i nu sunte\u021bi \u00een m\u0103sur\u0103 s\u0103 v\u0103 da\u021bi acordul pentru prelucrarea informa\u021biilor personale; (3) atunci c\u00e2nd acest lucru este necesar pentru \u00eendeplinirea sarcinilor de interes public, (4) c\u00e2nd dvs. personal a\u021bi dezv\u0103luit aceste informa\u021bii \u0219i (5) atunci c\u00e2nd este necesar s\u0103 ne protej\u0103m interesele legitime. Vom p\u0103stra informa\u021biile dvs. personale doar pentru intervalul de timp necesar pentru atingerea scopurilor de mai sus.<\/p>\n\n\n\n<p>Se pot divulga toate sau o parte din datele personale c\u0103tre al\u021bi destinatari, dup\u0103 cum se arat\u0103 mai jos:<\/p>\n\n\n\n<p>3.5. \u00cemputernici\u021bilor desemna\u021bi s\u0103 prelucreze datele cu caracter personal \u00een numele \u0219i pe seama sa, cum ar fi furnizori sau colaboratori care asist\u0103 \u00een men\u0163inerea \u015fi desf\u0103\u015furarea serviciile oferite prin intermediul acestor pagini web (de ex., furnizori de servicii de producere \u0219i \u00eentre\u021binere a paginilor web, furnizori \/ colaboratori \u00een realizarea \/ executarea campaniilor de marketing \u0219i altele similare, colaboratori sau furnizori care pot oferi cele mai bune r\u0103spunsuri la \u00eentreb\u0103rile dvs.).<\/p>\n\n\n\n<p>www.trezireaspirituala.ro\/blog nu poate fi tras\u0103 la r\u0103spundere pentru utilizare incorect\u0103, ce nu poate fi stabilit\u0103 ca urmare a unei bre\u0219e de securitate a site-ului web sau a omisiunii lui www.trezireaspirituala.ro\/blog.<\/p>\n\n\n\n<h4><strong>4. Trimiterea de mesaje prin e-mail<\/strong><\/h4>\n\n\n\n<p>C\u00e2nd ne trimite\u021bi coresponden\u0163\u0103 electronic\u0103 (ca un mesaj de po\u0219t\u0103 electronic\u0103 care con\u021bine \u00eentrebarea, comentariul, pl\u00e2ngerea, sugestia \u0219i altele similare sau prin intermediul formularului de contact de pe pagina noastr\u0103) care con\u021bine date personale prin care pute\u021bi fi identificat, vom folosi aceste informa\u021bii pentru a satisface cererea dumneavoastr\u0103. Putem trimite adresa dumneavoastr\u0103 de e-mail, precum \u0219i mesajul \/ solicitarea transmis\u0103 altor colaboratori (de ex. Furnizori) care pot r\u0103spunde cel mai bine \u00eentreb\u0103rilor dumneavoastr\u0103.<\/p>\n\n\n\n<p>To\u0163i colaboratorii \u015fi partenerii sunt responsabili pentru respectarea regulilor de confiden\u021bialitate a datelor cu caracter personal,&nbsp;aplic\u00e2nd condi\u0163iile GDPR pe site-urile lor.<\/p>\n\n\n\n<h4><strong>5. Sondaje, chestionare, promo\u021bii de marketing<\/strong><\/h4>\n\n\n\n<p>Foarte rar efectu\u0103m sondaje sau v\u0103 putem solicita s\u0103 completa\u021bi chestionare pe Pagina Web. Datele colectate din aceste sondaje \u015fi chestionare sunt folosite exclusiv \u00een cadrul site-ului www.trezireaspirituala.ro\/blog. \u00cen cazul \u00een care pe o pagin\u0103 sau prin intermediul conturilor noastre din re\u021belele sociale public\u0103m rezultatele unui sondaj, acestea sunt date statistice cumulative \u0219i nu con\u0163in date personale.<\/p>\n\n\n\n<p>Pagina Web poate con\u021bine informa\u0163ii despre diferite concursuri pe care le organiz\u0103m (\u201cconcursuri\u201d). Pentru aceste concursuri \u015fi tombole care permit accesul electronic, cu excep\u021bia cazului \u00een care se specific\u0103 \u00een mod diferit \u00een regulile concursului, vom folosi informa\u021biile dvs. personale numai \u00een scopul efectu\u0103rii unui concurs (de exemplu, pentru a contacta un c\u00e2\u0219tig\u0103tor \u0219i pentru a ne \u00eendeplini obliga\u021biile legale privind organizarea concursului). Putem dezv\u0103lui aceste informa\u021bii furnizorilor de servicii (cum ar fi companiile de curierat prin care transmitem premiile sau altor furnizori \u201csponsori\u201d care ne ajut\u0103 s\u0103 organiz\u0103m concursul \u0219i care au obliga\u021bia legal\u0103 de a p\u0103stra confiden\u021bialitatea tuturor datelor disponibile sau autorit\u0103\u021bilor publice pentru scopul \u00eendeplinirii unor obliga\u021bii legale). De asemenea, putem publica anumite date personale (e.g. numele, prenumele \u0219i valoarea premiului) pentru a \u00eendeplini obliga\u021biile legale sau pentru asigura transparen\u021ba concursurilor organizate de noi.<\/p>\n\n\n\n<p>www.trezireaspirituala.ro\/blog nu poate fi tras\u0103 la r\u0103spundere pentru daunele rezultate din utilizarea informa\u021biilor din aceste pagini \u00een scopuri care dep\u0103\u0219esc scopul propus.<\/p>\n\n\n\n<h4><strong>6. Politica privind Cookie-urile<\/strong><\/h4>\n\n\n\n<p>Pagina Web folose\u0219te a\u0219a-numitele \u201cCookie-uri\u201d. Cookie-urile sunt fi\u0219iere de mici dimensiuni, formate din litere \u0219i numere, care vor fi stocate pe computerul, terminalul mobil sau alte echipamente, prin intermediul unui browser web, pentru a oferi utilizatorului servicii \u0219i con\u021binut de cea mai bun\u0103 calitate ale unui utilizator de pe care se acceseaz\u0103 Internetul. Acestea stocheaz\u0103 anumite informa\u021bii (spre exemplu, limba preferat\u0103 sau set\u0103ri ale paginii web), pe care browserul dumneavoastr\u0103 ni le poate retransfera atunci c\u00e2nd accesa\u021bi din nou Pagina Web (\u00een func\u021bie de durata de via\u021b\u0103 a Cookie-ului).<\/p>\n\n\n\n<p><strong>Folosim dou\u0103 categorii de Cookie-uri:<\/strong><\/p>\n\n\n\n<p>1. Cookie-uri strict necesare pentru func\u021bionalitatea site-ului web<\/p>\n\n\n\n<p>Anumite cookie-uri sunt strict necesare pentru a v\u0103 permite explorarea acestui website \u015fi pentru a folosi serviciile \u015fi caracteristicile lui fundamentale. F\u0103r\u0103 aceste cookie-uri, spre exemplu, nu ve\u0163i putea s\u0103 accesa\u0163i anumite zone securizate sau s\u0103 urm\u0103ri\u0163i co\u015ful dvs. online de cump\u0103r\u0103turi. Aceste cookie-uri nu pot fi dezactivate.<\/p>\n\n\n\n<p>Utiliz\u0103m urm\u0103toarele cookie-uri obligatorii:<\/p>\n\n\n\n<p>wordpress_{hash},<br>wordpress_logged_in_{hash}<\/p>\n\n\n\n<p>comment_author_{HASH},comment_author_email_{HASH},comment_author_url_{HASH}<\/p>\n\n\n\n<p>Scopul este de a recunoa\u0219te utilizatorul ne\u00eenregistrat atunci cand se doreste scrierea unui comentariu (astfel clientul nu trebuie s\u0103 insereze de fiecare dat\u0103 e-mail, adresa ,etc.)<\/p>\n\n\n\n<p>comment_author_{HASH},<br>comment_author_email_{HASH},<br>comment_author_url_{HASH}<\/p>\n\n\n\n<p>Scopul este recunoa\u0219terea utilizatorului \u00eenregistrat \u0219i logat.<\/p>\n\n\n\n<p>comment_author_{HASH}<\/p>\n\n\n\n<p>Scopul este recunoa\u0219terea utilizatorului \u00eenregistrat \u0219i logat.<\/p>\n\n\n\n<p>comment_author_{HASH}<\/p>\n\n\n\n<p>Scopul este s\u0103 recunoa\u0219tem atacurile de re\u021bea \u0219i utilizatorii de parazi\u021bi \u0219i s\u0103 prevenim aceste atacuri c\u00e2t mai mult posibil. Nu func\u021bioneaz\u0103 informa\u021biile personale ale utilizatorilor.<\/p>\n\n\n\n<p>2. Cookie-uri op\u0163ionale<\/p>\n\n\n\n<p>Folosim \u00een interiorul site-ului nostru acest tip de cookie-uri pentru a v\u0103 permite o mai bun\u0103 experien\u0163\u0103&nbsp;\u00een timpul navig\u0103rii acestuia. Informa\u0163iile primite de la aceste cookie-uri ne ajut\u0103 s\u0103 \u00een\u0163elegem modul \u00een care vizitatorii no\u015ftri folosesc website-ul pentru a putea \u00eembun\u0103t\u0103\u0163i calitatea con\u0163inutului prezentat dumneavoastr\u0103 \u0219i a experientei de navigare.<\/p>\n\n\n\n<p>Cookie-uri op\u021bionale includ cookie-uri Google Analytics (un serviciu de analiz\u0103 web a Google Inc.). Acest tip de cookie-uri monitorizeaz\u0103 participarea \u0219i analiza succesul site-ului, care sunt disponibile pentru www.trezireaspirituala.ro\/blog ca date statistice, f\u0103r\u0103 datele personale ale utilizatorilor individuali). Exist\u0103 posibilitatea s\u0103 utilizam \u0219i cookie-uri ale re\u021belelor sociale (de ex. Facebook \u0219i Instagram), care permit utilizatorului s\u0103 distribuie con\u021binut specific pe re\u021belele sociale prin contul propriu.<\/p>\n\n\n\n<p>C\u00e2nd accesa\u021bi pentru prima oar\u0103 site-ul web, va ap\u0103rea o etichet\u0103 care v\u0103 avertizeaz\u0103 despre existen\u021ba cookie-urilor \u0219i v\u0103 solicit\u0103 aprobarea de acceptare a acestora.<\/p>\n\n\n\n<p>\u00cen cazul \u00een care refuza\u021bi s\u0103 accepta\u021bi cookie-urile, func\u021bionalitatea \u0219i \/ sau calitate con\u021binutului site-ului ar putea fi afectat\u0103. Excludem orice r\u0103spundere pentru orice pierdere de func\u021bionalitate \u0219i \/ sau calitate a con\u021binutului site-ului \u00een aceste cazuri.<\/p>\n\n\n\n<p>Mai multe informa\u021bii cu privire la modul \u00een care a\u021bi putea configura set\u0103rile browserului cu privire la cookies pute\u021bi accesa urm\u0103toarele link-uri:<\/p>\n\n\n\n<ul><li><a href=\"http:\/\/support.mozilla.org\/ro\/kb\/activarea-si-dezactivarea-cookie-urilor?redirectlocale=en-US&amp;redirectslug=Enabling+and+disabling+cookies\"><em>aici<\/em><\/a>&nbsp;pentru a afla mai multe despre modul \u201cNavigare Privat\u0103\u201d \u0219i set\u0103ri Cookies \u00een Firefox;<\/li><li><a href=\"http:\/\/support.google.com\/chrome\/bin\/answer.py?hl=ro&amp;hlrm=en&amp;answer=95647\"><em>aici<\/em><\/a>&nbsp;pentru a citi despre modul \u201cIncognito\u201d \u0219i set\u0103ri Cookies \u00een Google Chrome;<\/li><li><a href=\"http:\/\/support.microsoft.com\/kb\/196955\"><em>aici<\/em><\/a>&nbsp;pentru a citi despre modul \u201cInPrivate\u201d \u0219i set\u0103ri Cookies \u00een Internet Explorer;<\/li><li><em>aici<\/em>&nbsp;pentru mai multe informa\u021bii despre modul \u201cNavigare Privat\u0103\u201d \u0219i set\u0103ri Cookies \u00een Safari.<\/li><\/ul>\n\n\n\n<h4><strong>7. Drepturile persoanelor vizate<\/strong><\/h4>\n\n\n\n<p>Consimtam\u00e2ntul de prelucrare a datelor personale nu este obligatoriu, dar refuzul de a acorda acces la prelucrarea datelor a\u0219a cum este men\u021bionat mai sus poate \u00eempiedica utilizatorul s\u0103 utilizeze tot sau o parte din con\u021binutul oferit de site-ul web www.trezireaspirituala.ro\/blog.<\/p>\n\n\n\n<p>Prin transmiterea datelor personale c\u0103tre www.trezireaspirituala.ro\/blog, \u201cpersoana vizat\u0103\u201d nu renun\u021b\u0103 la drepturile sale garantate de reglement\u0103rile Rom\u00e2niei pentru protec\u021bia datelor personale \u0219i \u00een special dreptul de a solicita rectificarea sau \u0219tergerea datelor cu caracter personal din baza de date dac\u0103 acestea sunt incomplete, incorecte sau nepotrivite sau prelucrarea acestora nu respect\u0103 prevederile reglement\u0103rilor ale Rom\u00e2niei.<\/p>\n\n\n\n<p>\u00cen m\u0103sura \u00een care prelucrarea datelor dvs. personale se bazeaz\u0103 exclusiv pe consim\u021b\u0103m\u00e2ntul dvs., \u00een calitate de persoan\u0103 vizat\u0103, beneficia\u021bi de o serie de drepturi, printre care:<\/p>\n\n\n\n<p>a) Dreptul la rectificarea datelor: Utilizatorii au dreptul s\u0103 solicite modificarea informa\u021biilor personale incorecte sau completarea datelor incomplete.<\/p>\n\n\n\n<p>b) Dreptul de \u0219tergere a datelor cu caracter personal sau de&nbsp;retragere a privilegiilor: utilizatorii au dreptul \u00een orice moment s\u0103 \u00ee\u0219i retrag\u0103 consim\u021b\u0103m\u00e2ntul oferit la o dat\u0103 anterioar\u0103 pentru prelucrarea datelor cu caracter personal.<\/p>\n\n\n\n<p>c) De asemenea, \u00een anumite circumstan\u021be, utilizatorii au dreptul s\u0103 depun\u0103 obiec\u021bii la prelucrare datelor personale, dreptul de a solicita restric\u021bionarea prelucr\u0103rii datelor \u015fi dreptul la portabilitatea datelor cu caracter personal.<\/p>\n\n\n\n<p>Pentru toate aspectele legate de protec\u021bia datelor cu caracter personal \u0219i pentru aplicarea drepturilor men\u021bionate mai sus, v\u0103 rug\u0103m s\u0103 contacta\u021bi adresa de contact men\u021bionat\u0103 la articolul 10 din prezentele Reguli.<\/p>\n\n\n\n<p>d) Dreptul de a depune o pl\u00e2ngere la autoritatea de supraveghere: Dac\u0103 crede\u021bi c\u0103 drepturile dvs. sunt \u00eenc\u0103lcate, ave\u021bi dreptul s\u0103 depune\u021bi o pl\u00e2ngere la Autoritatea de supraveghere a prelucr\u0103rii datelor cu caracter personal din Rom\u00e2nia.<\/p>\n\n\n\n<p>\u00cen func\u021bie de solicitarea utilizatorului \/ \u201cpersoana vizat\u0103\u201d, www.trezireaspirituala.ro\/blog se angajeaz\u0103:<\/p>\n\n\n\n<p>1. S\u0103 confirme utilizatorului dac\u0103 \u00eei prelucreaz\u0103 sau nu \u00eei proceseaz\u0103 datele personale referitoare la respectivul utilizator \/ \u201cpersoana vizat\u0103\u201d;<\/p>\n\n\n\n<p>2. S\u0103 corecteze sau s\u0103 \u0219tearg\u0103, cu titlu gratuit \u0219i f\u0103r\u0103 \u00eent\u00e2rziere, a datelor personale referitoare la utilizator \/ \u201cpersoana vizat\u0103\u201d;<\/p>\n\n\n\n<p>3. Limiteze sau s\u0103 opreasc\u0103 prelucrarea datelor personale ale utilizatorilor \/ \u201cpersoanelor vizate\u201d.<\/p>\n\n\n\n<h4><strong>8. Contact<\/strong><\/h4>\n\n\n\n<p>Pentru orice \u00eentreb\u0103ri privind protec\u021bia datelor dvs. personale, precum \u0219i pentru \u00eendeplinirea drepturilor \u0219i cerin\u021belor men\u021bionate mai sus, ne pute\u021bi contacta prin trimiterea unui e-mail la adresa: contact@trezireaspirituala.ro. www.trezireaspirituala.ro\/blog nu r\u0103spunde solicit\u0103rilor anonime.<\/p>\n","protected":false},"excerpt":{"rendered":"<p>Conform noii politici GDPR, www.trezireaspirituala.ro\/blog are obliga\u0163ia de a administra, \u00een condi\u0163ii de siguran\u0163\u0103 \u015fi numai pentru scopurile specificate, datele personale pe care ni le furniza\u0163i. Scopul colect\u0103rii datelor este&#8230;<\/p>\n","protected":false},"author":1,"featured_media":0,"parent":0,"menu_order":0,"comment_status":"closed","ping_status":"closed","template":"","meta":[],"_links":{"self":[{"href":"https:\/\/www.trezireaspirituala.ro\/blog\/wp-json\/wp\/v2\/pages\/518"}],"collection":[{"href":"https:\/\/www.trezireaspirituala.ro\/blog\/wp-json\/wp\/v2\/pages"}],"about":[{"href":"https:\/\/www.trezireaspirituala.ro\/blog\/wp-json\/wp\/v2\/types\/page"}],"author":[{"embeddable":true,"href":"https:\/\/www.trezireaspirituala.ro\/blog\/wp-json\/wp\/v2\/users\/1"}],"replies":[{"embeddable":true,"href":"https:\/\/www.trezireaspirituala.ro\/blog\/wp-json\/wp\/v2\/comments?post=518"}],"version-history":[{"count":4,"href":"https:\/\/www.trezireaspirituala.ro\/blog\/wp-json\/wp\/v2\/pages\/518\/revisions"}],"predecessor-version":[{"id":522,"href":"https:\/\/www.trezireaspirituala.ro\/blog\/wp-json\/wp\/v2\/pages\/518\/revisions\/522"}],"wp:attachment":[{"href":"https:\/\/www.trezireaspirituala.ro\/blog\/wp-json\/wp\/v2\/media?parent=518"}],"curies":[{"name":"wp","href":"https:\/\/api.w.org\/{rel}","templated":true}]}}